{"id":2425,"date":"2026-01-12T16:18:32","date_gmt":"2026-01-12T15:18:32","guid":{"rendered":"https:\/\/simonhardenne.com\/?page_id=2425"},"modified":"2026-01-12T16:43:21","modified_gmt":"2026-01-12T15:43:21","slug":"accueil-home-page","status":"publish","type":"page","link":"https:\/\/simonhardenne.com\/index.php\/accueil-home-page\/","title":{"rendered":"Accueil &#8211; Home page"},"content":{"rendered":"\t\t<div data-elementor-type=\"wp-page\" data-elementor-id=\"2425\" class=\"elementor elementor-2425\" data-elementor-post-type=\"page\">\n\t\t\t\t\t\t<section class=\"elementor-section elementor-top-section elementor-element elementor-element-f683afb elementor-section-boxed elementor-section-height-default elementor-section-height-default\" data-id=\"f683afb\" data-element_type=\"section\">\n\t\t\t\t\t\t<div class=\"elementor-container elementor-column-gap-default\">\n\t\t\t\t\t<div class=\"elementor-column elementor-col-100 elementor-top-column elementor-element elementor-element-c4741ad\" data-id=\"c4741ad\" data-element_type=\"column\">\n\t\t\t<div class=\"elementor-widget-wrap elementor-element-populated\">\n\t\t\t\t\t\t<div class=\"elementor-element elementor-element-d442807 elementor-widget elementor-widget-heading\" data-id=\"d442807\" data-element_type=\"widget\" data-widget_type=\"heading.default\">\n\t\t\t\t<div class=\"elementor-widget-container\">\n\t\t\t<h2 class=\"elementor-heading-title elementor-size-default\"><em style=\"font-weight: 400; letter-spacing: normal; white-space: normal; caret-color: rgb(0, 0, 0); color: rgb(0, 0, 0);\">Cr\u00e9ons ensemble des images qui marquent les esprits.<\/em><\/h2>\t\t<\/div>\n\t\t\t\t<\/div>\n\t\t\t\t\t<\/div>\n\t\t<\/div>\n\t\t\t\t\t<\/div>\n\t\t<\/section>\n\t\t\t\t<section class=\"elementor-section elementor-top-section elementor-element elementor-element-3bba436 elementor-section-boxed elementor-section-height-default elementor-section-height-default\" data-id=\"3bba436\" data-element_type=\"section\">\n\t\t\t\t\t\t<div class=\"elementor-container elementor-column-gap-default\">\n\t\t\t\t\t<div class=\"elementor-column elementor-col-100 elementor-top-column elementor-element elementor-element-c711bf7\" data-id=\"c711bf7\" data-element_type=\"column\">\n\t\t\t<div class=\"elementor-widget-wrap elementor-element-populated\">\n\t\t\t\t\t\t<div class=\"elementor-element elementor-element-32a34a1 elementor-widget elementor-widget-text-editor\" data-id=\"32a34a1\" data-element_type=\"widget\" data-widget_type=\"text-editor.default\">\n\t\t\t\t<div class=\"elementor-widget-container\">\n\t\t\t\t\t\t\t<h5><em>R\u00e9alisation, tournage et montage de vid\u00e9os sur mesure pour entreprises, institutions et artistes.<\/em><\/h5>\t\t\t\t\t\t<\/div>\n\t\t\t\t<\/div>\n\t\t\t\t\t<\/div>\n\t\t<\/div>\n\t\t\t\t\t<\/div>\n\t\t<\/section>\n\t\t\t\t<section class=\"elementor-section elementor-top-section elementor-element elementor-element-0807cdf elementor-section-boxed elementor-section-height-default elementor-section-height-default\" data-id=\"0807cdf\" data-element_type=\"section\">\n\t\t\t\t\t\t<div class=\"elementor-container elementor-column-gap-default\">\n\t\t\t\t\t<div class=\"elementor-column elementor-col-100 elementor-top-column elementor-element elementor-element-eab966c\" data-id=\"eab966c\" data-element_type=\"column\">\n\t\t\t<div class=\"elementor-widget-wrap elementor-element-populated\">\n\t\t\t\t\t\t<div class=\"elementor-element elementor-element-3392f6f elementor-widget elementor-widget-spacer\" data-id=\"3392f6f\" data-element_type=\"widget\" data-widget_type=\"spacer.default\">\n\t\t\t\t<div class=\"elementor-widget-container\">\n\t\t\t\t\t<div class=\"elementor-spacer\">\n\t\t\t<div class=\"elementor-spacer-inner\"><\/div>\n\t\t<\/div>\n\t\t\t\t<\/div>\n\t\t\t\t<\/div>\n\t\t\t\t\t<\/div>\n\t\t<\/div>\n\t\t\t\t\t<\/div>\n\t\t<\/section>\n\t\t\t\t<section class=\"elementor-section elementor-top-section elementor-element elementor-element-58a0fda elementor-section-boxed elementor-section-height-default elementor-section-height-default\" data-id=\"58a0fda\" data-element_type=\"section\">\n\t\t\t\t\t\t<div class=\"elementor-container elementor-column-gap-default\">\n\t\t\t\t\t<div class=\"elementor-column elementor-col-100 elementor-top-column elementor-element elementor-element-d2b85a4\" data-id=\"d2b85a4\" data-element_type=\"column\">\n\t\t\t<div class=\"elementor-widget-wrap elementor-element-populated\">\n\t\t\t\t\t\t<section class=\"elementor-section elementor-inner-section elementor-element elementor-element-dd824ea elementor-section-boxed elementor-section-height-default elementor-section-height-default\" data-id=\"dd824ea\" data-element_type=\"section\">\n\t\t\t\t\t\t<div class=\"elementor-container elementor-column-gap-default\">\n\t\t\t\t\t<div class=\"elementor-column elementor-col-50 elementor-inner-column elementor-element elementor-element-81e582c\" data-id=\"81e582c\" data-element_type=\"column\">\n\t\t\t<div class=\"elementor-widget-wrap elementor-element-populated\">\n\t\t\t\t\t\t<div class=\"elementor-element elementor-element-46e2a4d elementor-widget elementor-widget-text-editor\" data-id=\"46e2a4d\" data-element_type=\"widget\" data-widget_type=\"text-editor.default\">\n\t\t\t\t<div class=\"elementor-widget-container\">\n\t\t\t\t\t\t\t<p><em style=\"caret-color: #000000; color: #000000;\">Depuis plus de 9 ans, je r\u00e9alise des vid\u00e9os pour des clients vari\u00e9s, en Belgique et \u00e0 l\u2019international. Mon approche est simple : \u00e9couter vos besoins, proposer des id\u00e9es cr\u00e9atives, et livrer une vid\u00e9o final qui d\u00e9passe vos attentes. Que vous soyez une entreprise, une institution ou un artiste, je vous accompagne de l\u2019id\u00e9e \u00e0 la vid\u00e9o finale, avec un souci constant de qualit\u00e9, d\u2019authenticit\u00e9 et du message \u00e0 d\u00e9livrer.<\/em><\/p>\t\t\t\t\t\t<\/div>\n\t\t\t\t<\/div>\n\t\t\t\t\t<\/div>\n\t\t<\/div>\n\t\t\t\t<div class=\"elementor-column elementor-col-50 elementor-inner-column elementor-element elementor-element-4725dc3\" data-id=\"4725dc3\" data-element_type=\"column\">\n\t\t\t<div class=\"elementor-widget-wrap elementor-element-populated\">\n\t\t\t\t\t\t<div class=\"elementor-element elementor-element-5b7d9ff elementor-widget elementor-widget-image\" data-id=\"5b7d9ff\" data-element_type=\"widget\" data-widget_type=\"image.default\">\n\t\t\t\t<div class=\"elementor-widget-container\">\n\t\t\t\t\t\t\t\t\t\t\t\t\t<img fetchpriority=\"high\" decoding=\"async\" width=\"1024\" height=\"768\" src=\"https:\/\/simonhardenne.com\/wp-content\/uploads\/2022\/10\/IMG_2346-1024x768.jpg\" class=\"attachment-large size-large wp-image-2145\" alt=\"\" srcset=\"https:\/\/simonhardenne.com\/wp-content\/uploads\/2022\/10\/IMG_2346-1024x768.jpg 1024w, https:\/\/simonhardenne.com\/wp-content\/uploads\/2022\/10\/IMG_2346-300x225.jpg 300w, https:\/\/simonhardenne.com\/wp-content\/uploads\/2022\/10\/IMG_2346-768x576.jpg 768w, https:\/\/simonhardenne.com\/wp-content\/uploads\/2022\/10\/IMG_2346-1536x1152.jpg 1536w, https:\/\/simonhardenne.com\/wp-content\/uploads\/2022\/10\/IMG_2346-2048x1536.jpg 2048w\" sizes=\"(max-width: 1024px) 100vw, 1024px\" \/>\t\t\t\t\t\t\t\t\t\t\t\t\t<\/div>\n\t\t\t\t<\/div>\n\t\t\t\t\t<\/div>\n\t\t<\/div>\n\t\t\t\t\t<\/div>\n\t\t<\/section>\n\t\t\t\t\t<\/div>\n\t\t<\/div>\n\t\t\t\t\t<\/div>\n\t\t<\/section>\n\t\t\t\t<section class=\"elementor-section elementor-top-section elementor-element elementor-element-e2e679b elementor-section-boxed elementor-section-height-default elementor-section-height-default\" data-id=\"e2e679b\" data-element_type=\"section\">\n\t\t\t\t\t\t<div class=\"elementor-container elementor-column-gap-default\">\n\t\t\t\t\t<div class=\"elementor-column elementor-col-100 elementor-top-column elementor-element elementor-element-be57c4e\" data-id=\"be57c4e\" data-element_type=\"column\">\n\t\t\t<div class=\"elementor-widget-wrap elementor-element-populated\">\n\t\t\t\t\t\t<div class=\"elementor-element elementor-element-b8a7869 elementor-button-success elementor-widget elementor-widget-button\" data-id=\"b8a7869\" data-element_type=\"widget\" data-widget_type=\"button.default\">\n\t\t\t\t<div class=\"elementor-widget-container\">\n\t\t\t\t\t<div class=\"elementor-button-wrapper\">\n\t\t\t<a class=\"elementor-button elementor-button-link elementor-size-sm\" href=\"#\">\n\t\t\t\t\t\t<span class=\"elementor-button-content-wrapper\">\n\t\t\t\t\t\t<span class=\"elementor-button-icon elementor-align-icon-left\">\n\t\t\t\t<i aria-hidden=\"true\" class=\"fas fa-film\"><\/i>\t\t\t<\/span>\n\t\t\t\t\t\t\t\t\t<span class=\"elementor-button-text\">D\u00e9couvrez mes r\u00e9alisations<\/span>\n\t\t\t\t\t<\/span>\n\t\t\t\t\t<\/a>\n\t\t<\/div>\n\t\t\t\t<\/div>\n\t\t\t\t<\/div>\n\t\t\t\t\t<\/div>\n\t\t<\/div>\n\t\t\t\t\t<\/div>\n\t\t<\/section>\n\t\t\t\t<\/div>\n\t\t","protected":false},"excerpt":{"rendered":"<p>Cr\u00e9ons ensemble des images qui marquent les esprits. R\u00e9alisation, tournage et montage de vid\u00e9os sur mesure pour entreprises, institutions et artistes. Depuis plus de 9 ans, je r\u00e9alise des vid\u00e9os pour des clients vari\u00e9s, en Belgique et \u00e0 l\u2019international. Mon approche est simple : \u00e9couter vos besoins, proposer des id\u00e9es cr\u00e9atives, et livrer une vid\u00e9o [&hellip;]<\/p>\n","protected":false},"author":1,"featured_media":0,"parent":0,"menu_order":0,"comment_status":"closed","ping_status":"closed","template":"","meta":{"footnotes":""},"_links":{"self":[{"href":"https:\/\/simonhardenne.com\/index.php\/wp-json\/wp\/v2\/pages\/2425"}],"collection":[{"href":"https:\/\/simonhardenne.com\/index.php\/wp-json\/wp\/v2\/pages"}],"about":[{"href":"https:\/\/simonhardenne.com\/index.php\/wp-json\/wp\/v2\/types\/page"}],"author":[{"embeddable":true,"href":"https:\/\/simonhardenne.com\/index.php\/wp-json\/wp\/v2\/users\/1"}],"replies":[{"embeddable":true,"href":"https:\/\/simonhardenne.com\/index.php\/wp-json\/wp\/v2\/comments?post=2425"}],"version-history":[{"count":22,"href":"https:\/\/simonhardenne.com\/index.php\/wp-json\/wp\/v2\/pages\/2425\/revisions"}],"predecessor-version":[{"id":2449,"href":"https:\/\/simonhardenne.com\/index.php\/wp-json\/wp\/v2\/pages\/2425\/revisions\/2449"}],"wp:attachment":[{"href":"https:\/\/simonhardenne.com\/index.php\/wp-json\/wp\/v2\/media?parent=2425"}],"curies":[{"name":"wp","href":"https:\/\/api.w.org\/{rel}","templated":true}]}}